{"id":184,"date":"2025-07-22T20:06:41","date_gmt":"2025-07-22T20:06:41","guid":{"rendered":"https:\/\/drvictormorales.com\/?page_id=184"},"modified":"2025-07-22T20:09:08","modified_gmt":"2025-07-22T20:09:08","slug":"aviso-de-privacidad","status":"publish","type":"page","link":"https:\/\/drvictormorales.com\/index.php\/aviso-de-privacidad\/","title":{"rendered":"Aviso de Privacidad"},"content":{"rendered":"\t\t<div data-elementor-type=\"wp-page\" data-elementor-id=\"184\" class=\"elementor elementor-184\">\n\t\t\t\t<div class=\"elementor-element elementor-element-d2d0e0e e-flex e-con-boxed e-con e-parent\" data-id=\"d2d0e0e\" data-element_type=\"container\">\n\t\t\t\t\t<div class=\"e-con-inner\">\n\t\t\t\t<div class=\"elementor-element elementor-element-f94ba1f elementor-widget elementor-widget-heading\" data-id=\"f94ba1f\" data-element_type=\"widget\" data-widget_type=\"heading.default\">\n\t\t\t\t\t<h2 class=\"elementor-heading-title elementor-size-default\">Aviso de Privacidad<\/h2>\t\t\t\t<\/div>\n\t\t\t\t<div class=\"elementor-element elementor-element-d31c488 elementor-widget elementor-widget-heading\" data-id=\"d31c488\" data-element_type=\"widget\" data-widget_type=\"heading.default\">\n\t\t\t\t\t<p class=\"elementor-heading-title elementor-size-default\"><p class=\"font_8 wixui-rich-text__text\" style=\"background: transparent;font-style: normal;font-weight: 400;font-size: 18px;line-height: 25.2px;font-family: futura-lt-w01-light, sans-serif;margin-bottom: 0px;text-align: start\">De acuerdo a lo previsto en la \u201cLey Federal de Protecci\u00f3n de Datos Personales en Posesi\u00f3n de los Particulares\u201d, declara el Dr. Victor Manuel Morales, con domicilio en Avenida 4 Norte #606, Colonia Centro, Delicias, Chihuahua, M\u00e9xico, C.P. 33000, quien es responsable del tratamiento de sus datos personales, hace de su conocimiento que la informaci\u00f3n de nuestros clientes es tratada de forma estrictamente confidencial, por lo que al proporcionar sus datos personales ser\u00e1n \u00fanica y exclusivamente para los fines relacionados con la prestaci\u00f3n de los servicios profesionales encomendados al Dr. Victor Manuel Morales, por cada particular o empresa.&nbsp;<\/p><p class=\"font_8 wixui-rich-text__text\" style=\"background: transparent;font-style: normal;font-weight: 400;font-size: 18px;line-height: 25.2px;font-family: futura-lt-w01-light, sans-serif;margin-bottom: 0px;text-align: start\">&nbsp;<\/p><p class=\"font_8 wixui-rich-text__text\" style=\"background: transparent;font-style: normal;font-weight: 400;font-size: 18px;line-height: 25.2px;font-family: futura-lt-w01-light, sans-serif;margin-bottom: 0px;text-align: start\">Estos ser\u00e1n utilizados \u00fanica y exclusivamente para los fines contratados y podr\u00e1n ser compartidos o transferidos a terceros para complementar y, en su caso, mejorar los servicios solicitados. Asimismo, hemos tomado las medidas necesarias para prevenir el acceso no autorizado a sus datos personales, con el fin de asegurar que la informaci\u00f3n sea utilizada para los fines establecidos en esta pol\u00edtica de privacidad.&nbsp;<\/p><p class=\"font_8 wixui-rich-text__text\" style=\"background: transparent;font-style: normal;font-weight: 400;font-size: 18px;line-height: 25.2px;font-family: futura-lt-w01-light, sans-serif;margin-bottom: 0px;text-align: start\">&nbsp;<\/p><p class=\"font_8 wixui-rich-text__text\" style=\"background: transparent;font-style: normal;font-weight: 400;font-size: 18px;line-height: 25.2px;font-family: futura-lt-w01-light, sans-serif;margin-bottom: 0px;text-align: start\">Todos sus datos personales son tratados de acuerdo a la legislaci\u00f3n aplicable y vigente en el pa\u00eds, por ello le informamos que usted tiene en todo momento los derechos (ARCO) de acceder, rectificar, cancelar u oponerse al tratamiento o divulgaci\u00f3n que le damos a sus datos personales; derecho que podr\u00e1 ejercer en el tel\u00e9fono 61 4142 7099 o por medio del correo electr\u00f3nico&nbsp;<span class=\"wixui-rich-text__text\" style=\"background: transparent;border: 0px;margin: 0px;padding: 0px;vertical-align: baseline\"><a href=\"mailto:vmanuel178@gmail.com\" target=\"_self\" class=\"wixui-rich-text__text\" style=\"background-image: initial;background-position: initial;background-size: initial;background-repeat: initial;background-attachment: initial;border: 0px;margin: 0px;padding: 0px;vertical-align: baseline;cursor: pointer\">vmanuel178@gmail.com<\/a><\/span>.&nbsp;<\/p><\/p>\t\t\t\t<\/div>\n\t\t\t\t\t<\/div>\n\t\t\t\t<\/div>\n\t\t\t\t<\/div>\n\t\t","protected":false},"excerpt":{"rendered":"<p>Aviso de Privacidad De acuerdo a lo previsto en la \u201cLey Federal de Protecci\u00f3n de Datos Personales en Posesi\u00f3n de [&hellip;]<\/p>\n","protected":false},"author":1,"featured_media":0,"parent":0,"menu_order":0,"comment_status":"closed","ping_status":"closed","template":"","meta":{"site-sidebar-layout":"no-sidebar","site-content-layout":"","ast-site-content-layout":"full-width-container","site-content-style":"default","site-sidebar-style":"default","ast-global-header-display":"","ast-banner-title-visibility":"","ast-main-header-display":"","ast-hfb-above-header-display":"","ast-hfb-below-header-display":"","ast-hfb-mobile-header-display":"","site-post-title":"disabled","ast-breadcrumbs-content":"","ast-featured-img":"disabled","footer-sml-layout":"","theme-transparent-header-meta":"","adv-header-id-meta":"","stick-header-meta":"","header-above-stick-meta":"","header-main-stick-meta":"","header-below-stick-meta":"","astra-migrate-meta-layouts":"default","ast-page-background-enabled":"default","ast-page-background-meta":{"desktop":{"background-color":"var(--ast-global-color-5)","background-image":"","background-repeat":"repeat","background-position":"center center","background-size":"auto","background-attachment":"scroll","background-type":"","background-media":"","overlay-type":"","overlay-color":"","overlay-opacity":"","overlay-gradient":""},"tablet":{"background-color":"","background-image":"","background-repeat":"repeat","background-position":"center center","background-size":"auto","background-attachment":"scroll","background-type":"","background-media":"","overlay-type":"","overlay-color":"","overlay-opacity":"","overlay-gradient":""},"mobile":{"background-color":"","background-image":"","background-repeat":"repeat","background-position":"center center","background-size":"auto","background-attachment":"scroll","background-type":"","background-media":"","overlay-type":"","overlay-color":"","overlay-opacity":"","overlay-gradient":""}},"ast-content-background-meta":{"desktop":{"background-color":"var(--ast-global-color-4)","background-image":"","background-repeat":"repeat","background-position":"center center","background-size":"auto","background-attachment":"scroll","background-type":"","background-media":"","overlay-type":"","overlay-color":"","overlay-opacity":"","overlay-gradient":""},"tablet":{"background-color":"var(--ast-global-color-4)","background-image":"","background-repeat":"repeat","background-position":"center center","background-size":"auto","background-attachment":"scroll","background-type":"","background-media":"","overlay-type":"","overlay-color":"","overlay-opacity":"","overlay-gradient":""},"mobile":{"background-color":"var(--ast-global-color-4)","background-image":"","background-repeat":"repeat","background-position":"center center","background-size":"auto","background-attachment":"scroll","background-type":"","background-media":"","overlay-type":"","overlay-color":"","overlay-opacity":"","overlay-gradient":""}},"_joinchat":[],"footnotes":""},"class_list":["post-184","page","type-page","status-publish","hentry"],"yoast_head":"<!-- This site is optimized with the Yoast SEO plugin v25.5 - https:\/\/yoast.com\/wordpress\/plugins\/seo\/ -->\n<title>Aviso de Privacidad - Dr. V\u00edctor Manuel Morales<\/title>\n<meta name=\"robots\" content=\"index, follow, max-snippet:-1, max-image-preview:large, max-video-preview:-1\" \/>\n<link rel=\"canonical\" href=\"https:\/\/drvictormorales.com\/index.php\/aviso-de-privacidad\/\" \/>\n<meta property=\"og:locale\" content=\"en_US\" \/>\n<meta property=\"og:type\" content=\"article\" \/>\n<meta property=\"og:title\" content=\"Aviso de Privacidad - Dr. V\u00edctor Manuel Morales\" \/>\n<meta property=\"og:description\" content=\"Aviso de Privacidad De acuerdo a lo previsto en la \u201cLey Federal de Protecci\u00f3n de Datos Personales en Posesi\u00f3n de [&hellip;]\" \/>\n<meta property=\"og:url\" content=\"https:\/\/drvictormorales.com\/index.php\/aviso-de-privacidad\/\" \/>\n<meta property=\"og:site_name\" content=\"Dr. V\u00edctor Manuel Morales\" \/>\n<meta property=\"article:modified_time\" content=\"2025-07-22T20:09:08+00:00\" \/>\n<meta name=\"twitter:card\" content=\"summary_large_image\" \/>\n<meta name=\"twitter:label1\" content=\"Est. reading time\" \/>\n\t<meta name=\"twitter:data1\" content=\"1 minute\" \/>\n<script type=\"application\/ld+json\" class=\"yoast-schema-graph\">{\"@context\":\"https:\/\/schema.org\",\"@graph\":[{\"@type\":\"WebPage\",\"@id\":\"https:\/\/drvictormorales.com\/index.php\/aviso-de-privacidad\/\",\"url\":\"https:\/\/drvictormorales.com\/index.php\/aviso-de-privacidad\/\",\"name\":\"Aviso de Privacidad - Dr. V\u00edctor Manuel Morales\",\"isPartOf\":{\"@id\":\"https:\/\/drvictormorales.com\/#website\"},\"datePublished\":\"2025-07-22T20:06:41+00:00\",\"dateModified\":\"2025-07-22T20:09:08+00:00\",\"breadcrumb\":{\"@id\":\"https:\/\/drvictormorales.com\/index.php\/aviso-de-privacidad\/#breadcrumb\"},\"inLanguage\":\"en-US\",\"potentialAction\":[{\"@type\":\"ReadAction\",\"target\":[\"https:\/\/drvictormorales.com\/index.php\/aviso-de-privacidad\/\"]}]},{\"@type\":\"BreadcrumbList\",\"@id\":\"https:\/\/drvictormorales.com\/index.php\/aviso-de-privacidad\/#breadcrumb\",\"itemListElement\":[{\"@type\":\"ListItem\",\"position\":1,\"name\":\"Home\",\"item\":\"https:\/\/drvictormorales.com\/\"},{\"@type\":\"ListItem\",\"position\":2,\"name\":\"Aviso de Privacidad\"}]},{\"@type\":\"WebSite\",\"@id\":\"https:\/\/drvictormorales.com\/#website\",\"url\":\"https:\/\/drvictormorales.com\/\",\"name\":\"Dr. V\u00edctor Manuel Morales\",\"description\":\"\",\"publisher\":{\"@id\":\"https:\/\/drvictormorales.com\/#\/schema\/person\/3e27b652a623d67496de962ad5dbfb92\"},\"potentialAction\":[{\"@type\":\"SearchAction\",\"target\":{\"@type\":\"EntryPoint\",\"urlTemplate\":\"https:\/\/drvictormorales.com\/?s={search_term_string}\"},\"query-input\":{\"@type\":\"PropertyValueSpecification\",\"valueRequired\":true,\"valueName\":\"search_term_string\"}}],\"inLanguage\":\"en-US\"},{\"@type\":[\"Person\",\"Organization\"],\"@id\":\"https:\/\/drvictormorales.com\/#\/schema\/person\/3e27b652a623d67496de962ad5dbfb92\",\"name\":\"admin\",\"image\":{\"@type\":\"ImageObject\",\"inLanguage\":\"en-US\",\"@id\":\"https:\/\/drvictormorales.com\/#\/schema\/person\/image\/\",\"url\":\"https:\/\/drvictormorales.com\/wp-content\/uploads\/2025\/07\/logo-facebook_Mesa-de-trabajo-1-1-scaled-e1753208456537.webp\",\"contentUrl\":\"https:\/\/drvictormorales.com\/wp-content\/uploads\/2025\/07\/logo-facebook_Mesa-de-trabajo-1-1-scaled-e1753208456537.webp\",\"width\":1633,\"height\":1493,\"caption\":\"admin\"},\"logo\":{\"@id\":\"https:\/\/drvictormorales.com\/#\/schema\/person\/image\/\"},\"sameAs\":[\"https:\/\/drvictormorales.com\"]}]}<\/script>\n<!-- \/ Yoast SEO plugin. -->","yoast_head_json":{"title":"Aviso de Privacidad - Dr. V\u00edctor Manuel Morales","robots":{"index":"index","follow":"follow","max-snippet":"max-snippet:-1","max-image-preview":"max-image-preview:large","max-video-preview":"max-video-preview:-1"},"canonical":"https:\/\/drvictormorales.com\/index.php\/aviso-de-privacidad\/","og_locale":"en_US","og_type":"article","og_title":"Aviso de Privacidad - Dr. V\u00edctor Manuel Morales","og_description":"Aviso de Privacidad De acuerdo a lo previsto en la \u201cLey Federal de Protecci\u00f3n de Datos Personales en Posesi\u00f3n de [&hellip;]","og_url":"https:\/\/drvictormorales.com\/index.php\/aviso-de-privacidad\/","og_site_name":"Dr. V\u00edctor Manuel Morales","article_modified_time":"2025-07-22T20:09:08+00:00","twitter_card":"summary_large_image","twitter_misc":{"Est. reading time":"1 minute"},"schema":{"@context":"https:\/\/schema.org","@graph":[{"@type":"WebPage","@id":"https:\/\/drvictormorales.com\/index.php\/aviso-de-privacidad\/","url":"https:\/\/drvictormorales.com\/index.php\/aviso-de-privacidad\/","name":"Aviso de Privacidad - Dr. V\u00edctor Manuel Morales","isPartOf":{"@id":"https:\/\/drvictormorales.com\/#website"},"datePublished":"2025-07-22T20:06:41+00:00","dateModified":"2025-07-22T20:09:08+00:00","breadcrumb":{"@id":"https:\/\/drvictormorales.com\/index.php\/aviso-de-privacidad\/#breadcrumb"},"inLanguage":"en-US","potentialAction":[{"@type":"ReadAction","target":["https:\/\/drvictormorales.com\/index.php\/aviso-de-privacidad\/"]}]},{"@type":"BreadcrumbList","@id":"https:\/\/drvictormorales.com\/index.php\/aviso-de-privacidad\/#breadcrumb","itemListElement":[{"@type":"ListItem","position":1,"name":"Home","item":"https:\/\/drvictormorales.com\/"},{"@type":"ListItem","position":2,"name":"Aviso de Privacidad"}]},{"@type":"WebSite","@id":"https:\/\/drvictormorales.com\/#website","url":"https:\/\/drvictormorales.com\/","name":"Dr. V\u00edctor Manuel Morales","description":"","publisher":{"@id":"https:\/\/drvictormorales.com\/#\/schema\/person\/3e27b652a623d67496de962ad5dbfb92"},"potentialAction":[{"@type":"SearchAction","target":{"@type":"EntryPoint","urlTemplate":"https:\/\/drvictormorales.com\/?s={search_term_string}"},"query-input":{"@type":"PropertyValueSpecification","valueRequired":true,"valueName":"search_term_string"}}],"inLanguage":"en-US"},{"@type":["Person","Organization"],"@id":"https:\/\/drvictormorales.com\/#\/schema\/person\/3e27b652a623d67496de962ad5dbfb92","name":"admin","image":{"@type":"ImageObject","inLanguage":"en-US","@id":"https:\/\/drvictormorales.com\/#\/schema\/person\/image\/","url":"https:\/\/drvictormorales.com\/wp-content\/uploads\/2025\/07\/logo-facebook_Mesa-de-trabajo-1-1-scaled-e1753208456537.webp","contentUrl":"https:\/\/drvictormorales.com\/wp-content\/uploads\/2025\/07\/logo-facebook_Mesa-de-trabajo-1-1-scaled-e1753208456537.webp","width":1633,"height":1493,"caption":"admin"},"logo":{"@id":"https:\/\/drvictormorales.com\/#\/schema\/person\/image\/"},"sameAs":["https:\/\/drvictormorales.com"]}]}},"_links":{"self":[{"href":"https:\/\/drvictormorales.com\/index.php\/wp-json\/wp\/v2\/pages\/184","targetHints":{"allow":["GET"]}}],"collection":[{"href":"https:\/\/drvictormorales.com\/index.php\/wp-json\/wp\/v2\/pages"}],"about":[{"href":"https:\/\/drvictormorales.com\/index.php\/wp-json\/wp\/v2\/types\/page"}],"author":[{"embeddable":true,"href":"https:\/\/drvictormorales.com\/index.php\/wp-json\/wp\/v2\/users\/1"}],"replies":[{"embeddable":true,"href":"https:\/\/drvictormorales.com\/index.php\/wp-json\/wp\/v2\/comments?post=184"}],"version-history":[{"count":4,"href":"https:\/\/drvictormorales.com\/index.php\/wp-json\/wp\/v2\/pages\/184\/revisions"}],"predecessor-version":[{"id":188,"href":"https:\/\/drvictormorales.com\/index.php\/wp-json\/wp\/v2\/pages\/184\/revisions\/188"}],"wp:attachment":[{"href":"https:\/\/drvictormorales.com\/index.php\/wp-json\/wp\/v2\/media?parent=184"}],"curies":[{"name":"wp","href":"https:\/\/api.w.org\/{rel}","templated":true}]}}